{"id":545,"date":"2017-11-06T09:38:55","date_gmt":"2017-11-06T08:38:55","guid":{"rendered":"http:\/\/www.erdbebenwarte.de\/relaunch\/?page_id=545"},"modified":"2019-06-25T16:07:49","modified_gmt":"2019-06-25T14:07:49","slug":"literatur-2","status":"publish","type":"page","link":"https:\/\/www.erdbebenwarte.de\/en\/literatur-2\/","title":{"rendered":"Literature references"},"content":{"rendered":"<p>[vc_row equal_height=&#8221;yes&#8221; content_placement=&#8221;middle&#8221; css=&#8221;.vc_custom_1561471658275{margin-bottom: 25px !important;}&#8221;][vc_column width=&#8221;2\/3&#8243;][vc_single_image image=&#8221;385&#8243; img_size=&#8221;large&#8221; css=&#8221;.vc_custom_1561471667024{margin-bottom: 0px !important;padding-bottom: 0px !important;}&#8221;][\/vc_column][vc_column width=&#8221;1\/3&#8243; color_style=&#8221;light&#8221; css=&#8221;.vc_custom_1511250841016{margin-left: -15px !important;padding-bottom: 7px !important;background-color: #58749f !important;}&#8221; offset=&#8221;vc_hidden-sm vc_hidden-xs&#8221;][vc_column_text]<\/p>\n<h1>Current Earthquakes<\/h1>\n<p>&nbsp;<\/p>\n<p>what is happening with our earth?[\/vc_column_text][\/vc_column][\/vc_row][vc_row][vc_column width=&#8221;1\/4&#8243; offset=&#8221;vc_hidden-sm vc_hidden-xs&#8221;][vc_widget_sidebar sidebar_id=&#8221;submenu-erdbebenwarte&#8221;][\/vc_column][vc_column width=&#8221;3\/4&#8243;][vc_row_inner][vc_column_inner][vc_column_text]<\/p>\n<h1>Literature references<\/h1>\n<p>[\/vc_column_text][\/vc_column_inner][\/vc_row_inner][vc_row_inner][vc_column_inner width=&#8221;2\/3&#8243;][vc_column_text]<strong>Aichroth, B., Prodehl, C. and Thybo. H., 1992:<\/strong> Crustal structure along the Central Segment of the EGT from seismic-refraction studies, Tectonophysics, 207, 43-64.<\/p>\n<p><strong>Geiger, L., 1909:<\/strong> Seismische Registrierungen in G\u00f6ttingen 1907 &#8211; Die Bearbeitung der Erdbebendiagramme, Nachr. K. Gesell. der Wiss. zu G\u00f6ttingen, Math.-phys. Klasse, 1-15.<\/p>\n<p><strong>M\u00fcller, H.K., 1934:<\/strong> Beobachtung der Bodenbewegung in drei Komponenten bei Sprengungen. Z. f. Geophys., 10,40-58.<\/p>\n<p><strong>Nagel, U. und Wunderlich, H.-G., 1969: <\/strong>Geologisches Blockbild der Umgebung von G\u00f6ttingen, Ver\u00f6fftl. Nieders\u00e4chs. Inst. Landeskunde und Landesentwicklung, Uni. G\u00f6ttingen, 48 Seiten und 1 Karte.<br \/>\n<strong><br \/>\nPlesinger, A., Hellweg, M. and Seidl, D. 1986:<\/strong> Interactive high-resolution polarization analysis of broad-band seismograms, J. Geophys., 59, 129-139.<\/p>\n<p><strong>Willmore, P.L. and Karnik, V., 1970:<\/strong> Manual of seismological observatory practice, International Seismological Centre, Edinburgh\/Scotland.<\/p>\n<h2>Addresses of the authors<\/h2>\n<p><strong>Elmar Rothert<\/strong><\/p>\n<p>Institute of Geophysics, Georg August University of G\u00f6ttingen<\/p>\n<p>Herzberger Landstr. 180, 37075 G\u00f6ttingen, Germany<\/p>\n<p>rothert@willi.uni-geophys.gwdg.de<\/p>\n<p>&nbsp;<\/p>\n<p><strong>Joachim Ritter<\/strong><\/p>\n<p>Geophysical Institute, Karlsruhe Institute of Technology<\/p>\n<p>Hertzstr. 16, 76187 Karlsruhe, Germany<\/p>\n<p>joachim.ritter@gpi.uni-karlsruhe.de.[\/vc_column_text][\/vc_column_inner][vc_column_inner width=&#8221;1\/3&#8243;][\/vc_column_inner][\/vc_row_inner][\/vc_column][\/vc_row]<\/p>\n","protected":false},"excerpt":{"rendered":"<p>[vc_row equal_height=&#8221;yes&#8221; content_placement=&#8221;middle&#8221; css=&#8221;.vc_custom_1561471658275{margin-bottom: 25px !important;}&#8221;][vc_column width=&#8221;2\/3&#8243;][vc_single_image image=&#8221;385&#8243; img_size=&#8221;large&#8221; css=&#8221;.vc_custom_1561471667024{margin-bottom: 0px !important;padding-bottom: 0px !important;}&#8221;][\/vc_column][vc_column width=&#8221;1\/3&#8243; color_style=&#8221;light&#8221; css=&#8221;.vc_custom_1511250841016{margin-left: -15px !important;padding-bottom: 7px !important;background-color: #58749f !important;}&#8221; offset=&#8221;vc_hidden-sm vc_hidden-xs&#8221;][vc_column_text] Current Earthquakes &nbsp; what is happening with our earth?[\/vc_column_text][\/vc_column][\/vc_row][vc_row][vc_column width=&#8221;1\/4&#8243; offset=&#8221;vc_hidden-sm vc_hidden-xs&#8221;][vc_widget_sidebar sidebar_id=&#8221;submenu-erdbebenwarte&#8221;][\/vc_column][vc_column width=&#8221;3\/4&#8243;][vc_row_inner][vc_column_inner][vc_column_text] Literature&#8230;<\/p>\n","protected":false},"author":8,"featured_media":0,"parent":0,"menu_order":0,"comment_status":"closed","ping_status":"closed","template":"","meta":{"footnotes":""},"class_list":["post-545","page","type-page","status-publish","hentry"],"translation":{"provider":"WPGlobus","version":"3.0.2","language":"en","enabled_languages":["de","en"],"languages":{"de":{"title":true,"content":true,"excerpt":false},"en":{"title":true,"content":true,"excerpt":false}}},"_links":{"self":[{"href":"https:\/\/www.erdbebenwarte.de\/en\/wp-json\/wp\/v2\/pages\/545","targetHints":{"allow":["GET"]}}],"collection":[{"href":"https:\/\/www.erdbebenwarte.de\/en\/wp-json\/wp\/v2\/pages"}],"about":[{"href":"https:\/\/www.erdbebenwarte.de\/en\/wp-json\/wp\/v2\/types\/page"}],"author":[{"embeddable":true,"href":"https:\/\/www.erdbebenwarte.de\/en\/wp-json\/wp\/v2\/users\/8"}],"replies":[{"embeddable":true,"href":"https:\/\/www.erdbebenwarte.de\/en\/wp-json\/wp\/v2\/comments?post=545"}],"version-history":[{"count":10,"href":"https:\/\/www.erdbebenwarte.de\/en\/wp-json\/wp\/v2\/pages\/545\/revisions"}],"predecessor-version":[{"id":2805,"href":"https:\/\/www.erdbebenwarte.de\/en\/wp-json\/wp\/v2\/pages\/545\/revisions\/2805"}],"wp:attachment":[{"href":"https:\/\/www.erdbebenwarte.de\/en\/wp-json\/wp\/v2\/media?parent=545"}],"curies":[{"name":"wp","href":"https:\/\/api.w.org\/{rel}","templated":true}]}}