{"id":329,"date":"2017-10-19T10:11:57","date_gmt":"2017-10-19T08:11:57","guid":{"rendered":"http:\/\/www.erdbebenwarte.de\/relaunch\/?page_id=329"},"modified":"2019-06-26T08:18:09","modified_gmt":"2019-06-26T06:18:09","slug":"literatur","status":"publish","type":"page","link":"https:\/\/www.erdbebenwarte.de\/en\/literatur\/","title":{"rendered":"Selected literature references"},"content":{"rendered":"<p>[vc_row css=&#8221;.vc_custom_1561529232044{margin-bottom: 25px !important;}&#8221;][vc_column width=&#8221;2\/3&#8243;][vc_single_image image=&#8221;38&#8243; img_size=&#8221;large&#8221; css=&#8221;.vc_custom_1561529250884{margin-bottom: 0px !important;padding-bottom: 0px !important;}&#8221;][\/vc_column][vc_column width=&#8221;1\/3&#8243; color_style=&#8221;light&#8221; css=&#8221;.vc_custom_1561529887098{margin-top: -35px !important;margin-left: -15px !important;padding-bottom: 7px !important;background-color: #58749f !important;}&#8221; offset=&#8221;vc_hidden-sm vc_hidden-xs&#8221;][vc_column_text]<\/p>\n<div class=\"oSioSc\">\n<div id=\"tw-target\">\n<div id=\"tw-target-text-container\" class=\"tw-ta-container tw-nfl\">\n<h1 id=\"tw-target-text\" class=\"tw-data-text tw-ta tw-text-small\" dir=\"ltr\" data-placeholder=\"\u00dcbersetzung\"><span lang=\"en\">Historical earthquake station 100 years old and fully active! <\/span><\/h1>\n<p class=\"tw-data-text tw-ta tw-text-small\" dir=\"ltr\" data-placeholder=\"\u00dcbersetzung\"><span lang=\"en\">The Wiechert earthquake station G\u00f6ttingen is the first and oldest in the world, which was equipped with seismographs, which provided scientifically evaluable seismograms and are still in function.<\/span><\/p>\n<\/div>\n<\/div>\n<\/div>\n<p>[\/vc_column_text][\/vc_column][\/vc_row][vc_row][vc_column width=&#8221;1\/4&#8243; offset=&#8221;vc_hidden-sm vc_hidden-xs&#8221;][vc_widget_sidebar sidebar_id=&#8221;submenu-erdbebenwarte&#8221;][\/vc_column][vc_column width=&#8221;3\/4&#8243;][vc_column_text]<\/p>\n<h3>Historical Earthquake Station\u00a0| Literature<\/h3>\n<h1>Selected literature references<\/h1>\n<p>[\/vc_column_text][vc_row_inner][vc_column_inner width=&#8221;2\/3&#8243;][vc_column_text]Meyer, J. (1974) K\u00fcnstliche Bodenersch\u00fctterungen mit der Mintrop Kugel, in: Birett, H., Helbig, K., Kertz, W., Schmucker, U. (Hrsg.): Zur Geschichte der Geophysik, 67-71, Springer, Berlin Heidelberg New York,<\/p>\n<p>Schreiber, Hermann (2000) Historische Gegenst\u00e4nde und Instrumente im Institut f\u00fcr Geophysik der Universit\u00e4t G\u00f6ttingen, Ein Katalog, Fotos von: Rolf Spindler, Herausgeber: Akademie der Wissenschaften zu G\u00f6ttingen, Kommission f\u00fcr historische Apparate, 48pp<\/p>\n<p>Siebert, Manfred (1997) Geschichte des Instituts f\u00fcr Geophysik in G\u00f6ttingen. In: Zur Geschichte der Geophysik in Deutschland (Jubil\u00e4umsschrift der DDG) 107-114, bei: Deutsche Geophysikalische Gesellschaft, Hamburg<\/p>\n<p>Siebert, Manfred (1998) Zur Vorgeschichte der Gr\u00fcndung des Instituts f\u00fcr Geophysik der Universit\u00e4t G\u00f6ttingen vor 100 Jahren. &#8211; Mitteilungen Gau\u00df-Gesellschaft G\u00f6ttingen, Nr. 35, 69 \u2013 72<\/p>\n<p>Wiechert, Emil (1903) Ein astatisches Pendel hoher Empfindlichkeit zur mechanischen Registrierung von Erdbeben; Beitr. z. Geoph. Bd. VI, S 435; mit Zus\u00e4tzen auch abgedruckt: Phys. Z. 1903, Bd 4, S. 821<\/p>\n<p>Wiechert, Emil (1906) Das Institut f\u00fcr Geophysik der Universit\u00e4t G\u00f6ttingen: Sonderabdruck aus der Festschrift 1906 &#8220;Die Physikalischen Institute der Universit\u00e4t G\u00f6ttingen. 188pp<\/p>\n<p><strong>Further literature<\/strong><\/p>\n<p>Ritter, J.R.R., (2002) On the recording characteristics of the original Wiechert seismographs at Goettingen (Germany). Journal of Seismology, 6, 477-486.<\/p>\n<p>Ritter, J.R.R., (2001) Students explore history of the Goettingen Institute of Geophysics, Eos Trans. AGU, 82, 224.<\/p>\n<p>Ritter, J.R.R. und Wedeken, U., (2001) Erdbebenwellen gewogen! Vergleich zwischen einer GENIUS Waage und einem Seismographen, Mitt. d. Deut.Geophys. Gesell., 1, 3-10.<\/p>\n<p>Rothert, E. and Ritter, J.R.R., (1999) Seismologische Untersuchung einer Explosion in Goettingen, Mitt. d. Deut. Geophys. Gesell., 1, 9-14. (please click here for the online version of the article)<\/p>\n<p>Wiechert, Emil (1903): Theorie der automatischen Seismographen. Abh. Ges. Wiss. G\u00f6ttingen, Math.-Phys. Kl. NF 2, S. 1<\/p>\n<p>Wiechert, Emil und Geiger, Ludwig (1910): Die Bestimmung des Weges der Erdbebenwellen im Erdinnern. Physik. Z. 11, 294-311<\/p>\n<p>Mulligan, Joseph, F. (2001): Emil Wiechert (1861-1928); Esteemed seismologist, forgotten physicist. Am. J. Phys. 69 (3), 277-287[\/vc_column_text][\/vc_column_inner][vc_column_inner width=&#8221;1\/3&#8243;][\/vc_column_inner][\/vc_row_inner][\/vc_column][\/vc_row]<\/p>\n","protected":false},"excerpt":{"rendered":"<p>[vc_row css=&#8221;.vc_custom_1561529232044{margin-bottom: 25px !important;}&#8221;][vc_column width=&#8221;2\/3&#8243;][vc_single_image image=&#8221;38&#8243; img_size=&#8221;large&#8221; css=&#8221;.vc_custom_1561529250884{margin-bottom: 0px !important;padding-bottom: 0px !important;}&#8221;][\/vc_column][vc_column width=&#8221;1\/3&#8243; color_style=&#8221;light&#8221; css=&#8221;.vc_custom_1561529887098{margin-top: -35px !important;margin-left: -15px !important;padding-bottom: 7px !important;background-color: #58749f !important;}&#8221; offset=&#8221;vc_hidden-sm vc_hidden-xs&#8221;][vc_column_text] Historical earthquake station 100 years old and fully active! The Wiechert earthquake station G\u00f6ttingen is&#8230;<\/p>\n","protected":false},"author":8,"featured_media":0,"parent":0,"menu_order":0,"comment_status":"closed","ping_status":"closed","template":"","meta":{"footnotes":""},"class_list":["post-329","page","type-page","status-publish","hentry"],"translation":{"provider":"WPGlobus","version":"3.0.2","language":"en","enabled_languages":["de","en"],"languages":{"de":{"title":true,"content":true,"excerpt":false},"en":{"title":true,"content":true,"excerpt":false}}},"_links":{"self":[{"href":"https:\/\/www.erdbebenwarte.de\/en\/wp-json\/wp\/v2\/pages\/329","targetHints":{"allow":["GET"]}}],"collection":[{"href":"https:\/\/www.erdbebenwarte.de\/en\/wp-json\/wp\/v2\/pages"}],"about":[{"href":"https:\/\/www.erdbebenwarte.de\/en\/wp-json\/wp\/v2\/types\/page"}],"author":[{"embeddable":true,"href":"https:\/\/www.erdbebenwarte.de\/en\/wp-json\/wp\/v2\/users\/8"}],"replies":[{"embeddable":true,"href":"https:\/\/www.erdbebenwarte.de\/en\/wp-json\/wp\/v2\/comments?post=329"}],"version-history":[{"count":31,"href":"https:\/\/www.erdbebenwarte.de\/en\/wp-json\/wp\/v2\/pages\/329\/revisions"}],"predecessor-version":[{"id":2840,"href":"https:\/\/www.erdbebenwarte.de\/en\/wp-json\/wp\/v2\/pages\/329\/revisions\/2840"}],"wp:attachment":[{"href":"https:\/\/www.erdbebenwarte.de\/en\/wp-json\/wp\/v2\/media?parent=329"}],"curies":[{"name":"wp","href":"https:\/\/api.w.org\/{rel}","templated":true}]}}