{"id":29,"date":"2017-09-28T15:55:37","date_gmt":"2017-09-28T13:55:37","guid":{"rendered":"http:\/\/www.erdbebenwarte.de\/relaunch\/?page_id=29"},"modified":"2019-06-24T15:55:34","modified_gmt":"2019-06-24T13:55:34","slug":"gebaeude-gelaende","status":"publish","type":"page","link":"https:\/\/www.erdbebenwarte.de\/en\/gebaeude-gelaende\/","title":{"rendered":"Geb\u00e4ude &#038; Gel\u00e4nde"},"content":{"rendered":"<p>[vc_row equal_height=&#8221;yes&#8221; content_placement=&#8221;middle&#8221; css=&#8221;.vc_custom_1561380080454{margin-bottom: 25px !important;}&#8221;][vc_column width=&#8221;2\/3&#8243;][vc_single_image image=&#8221;38&#8243; img_size=&#8221;large&#8221; css=&#8221;.vc_custom_1561379425268{margin-bottom: 0px !important;padding-bottom: 0px !important;}&#8221;][\/vc_column][vc_column width=&#8221;1\/3&#8243; color_style=&#8221;light&#8221; css=&#8221;.vc_custom_1561384530832{margin-left: -15px !important;padding-top: 20px !important;padding-bottom: 7px !important;background-color: #58749f !important;}&#8221; offset=&#8221;vc_hidden-sm vc_hidden-xs&#8221;][vc_column_text]<\/p>\n<div class=\"csc-header csc-header-n1\">\n<h1>Historische Erdbebenwarte<\/h1>\n<h2 class=\"csc-firstHeader\">100-j\u00e4hrig und voll aktiv!<\/h2>\n<\/div>\n<p class=\"bodytext\">Die Wiechert\u2019sche Erdbebenwarte G\u00f6ttingen ist die erste und \u00e4lteste Erdbebenwarte der Welt, die mit Seismographen ausgestattet wurde, welche wissenschaftlich auswertbare Seismogramme\u00a0lieferten und\u00a0noch immer\u00a0in Funktion sind.<\/p>\n<p>[\/vc_column_text][\/vc_column][\/vc_row][vc_row][vc_column width=&#8221;1\/4&#8243; offset=&#8221;vc_hidden-sm vc_hidden-xs&#8221;][vc_widget_sidebar sidebar_id=&#8221;submenu-erdbebenwarte&#8221;][\/vc_column][vc_column width=&#8221;3\/4&#8243;][vc_column_text]<\/p>\n<h3 class=\"csc-firstHeader\">Historische Erdbebenwarte<\/h3>\n<h1 class=\"csc-firstHeader\">Geb\u00e4ude &amp; Gel\u00e4nde<\/h1>\n<p>[\/vc_column_text][vc_column_text]<\/p>\n<div class=\"csc-header csc-header-n1\"><\/div>\n<p class=\"bodytext\">Die Wiechert\u2019sche Erdbebenwarte G\u00f6ttingen ist eine voll funktionsf\u00e4hige seismologsiche Messstation und ein begehbares Technikmuseum zugleich. Besucher sehen hier historische und moderne Seismographen, erleben beim Fall der Mintrop-Kugel wie k\u00fcnstlich kleine Erdbeben ausgel\u00f6st werden oder wie einst mit dem Passage-Instrument die astronomische Zeit bestimmt wurde.<\/p>\n<p class=\"bodytext\">Lernen Sie hier die einzelnen Geb\u00e4ude auf dem Gel\u00e4nde der Erdbebenwarte kennen. Informative Unterhaltung w\u00fcnscht Ihnen der Verein Wiechert&#8217;sche Erdbebenwarte G\u00f6ttingen e.V.<\/p>\n<p>[\/vc_column_text][vc_row_inner][vc_column_inner width=&#8221;1\/3&#8243;][vc_single_image image=&#8221;631&#8243; img_size=&#8221;large&#8221; onclick=&#8221;custom_link&#8221; link=&#8221;http:\/\/www.erdbebenwarte.de\/altes-erdbebenhaus\/&#8221;]<div class=\" vc_custom_1527848746146 ubtn-ctn-center \"><a class=\"ubtn-link ult-adjust-bottom-margin ubtn-center ubtn-custom \" href=\"https:\/\/www.erdbebenwarte.de\/altes-erdbebenhaus\/\" ><button type=\"button\" id=\"ubtn-6975\"  class=\"ubtn ult-adjust-bottom-margin ult-responsive ubtn-custom ubtn-no-hover-bg  none  ubtn-center   tooltip-69d13e6f35549\"  data-hover=\"#ffffff\" data-border-color=\"\" data-bg=\"#19283e\" data-hover-bg=\"#2d323d\" data-border-hover=\"\" data-shadow-hover=\"\" data-shadow-click=\"none\" data-shadow=\"\" data-shd-shadow=\"\"  data-ultimate-target='#ubtn-6975'  data-responsive-json-new='{\"font-size\":\"desktop:16px;\",\"line-height\":\"\"}'  style=\"font-family:&#039;Open Sans&#039;;font-weight:600;width:270px;min-height:40px;padding:px px;border:none;background: #19283e;color: #ffffff;\"><span class=\"ubtn-hover\" style=\"background-color:#2d323d\"><\/span><span class=\"ubtn-data ubtn-text \" >Altes Erdbebenhaus<\/span><\/button><\/a><\/div>[\/vc_column_inner][vc_column_inner width=&#8221;1\/3&#8243;][vc_single_image image=&#8221;632&#8243; img_size=&#8221;large&#8221; onclick=&#8221;custom_link&#8221; link=&#8221;http:\/\/www.erdbebenwarte.de\/neues-erdbebenhaus\/&#8221;]<div class=\" vc_custom_1527848761046 ubtn-ctn-center \"><a class=\"ubtn-link ult-adjust-bottom-margin ubtn-center ubtn-custom \" href=\"https:\/\/www.erdbebenwarte.de\/neues-erdbebenhaus\/\" ><button type=\"button\" id=\"ubtn-7765\"  class=\"ubtn ult-adjust-bottom-margin ult-responsive ubtn-custom ubtn-no-hover-bg  none  ubtn-center   tooltip-69d13e6f35609\"  data-hover=\"#ffffff\" data-border-color=\"\" data-bg=\"#19283e\" data-hover-bg=\"#2d323d\" data-border-hover=\"\" data-shadow-hover=\"\" data-shadow-click=\"none\" data-shadow=\"\" data-shd-shadow=\"\"  data-ultimate-target='#ubtn-7765'  data-responsive-json-new='{\"font-size\":\"desktop:16px;\",\"line-height\":\"\"}'  style=\"font-family:&#039;Open Sans&#039;;font-weight:600;width:270px;min-height:40px;padding:px px;border:none;background: #19283e;color: #ffffff;\"><span class=\"ubtn-hover\" style=\"background-color:#2d323d\"><\/span><span class=\"ubtn-data ubtn-text \" >Neues Erdbebenhaus<\/span><\/button><\/a><\/div>[\/vc_column_inner][vc_column_inner width=&#8221;1\/3&#8243;][vc_single_image image=&#8221;633&#8243; img_size=&#8221;large&#8221; onclick=&#8221;custom_link&#8221; link=&#8221;http:\/\/www.erdbebenwarte.de\/astronomische-huette\/&#8221;]<div class=\" vc_custom_1527848772476 ubtn-ctn-center \"><a class=\"ubtn-link ult-adjust-bottom-margin ubtn-center ubtn-custom \" href=\"https:\/\/www.erdbebenwarte.de\/astronomische-huette\/\" ><button type=\"button\" id=\"ubtn-3709\"  class=\"ubtn ult-adjust-bottom-margin ult-responsive ubtn-custom ubtn-no-hover-bg  none  ubtn-center   tooltip-69d13e6f35656\"  data-hover=\"#ffffff\" data-border-color=\"\" data-bg=\"#19283e\" data-hover-bg=\"#2d323d\" data-border-hover=\"\" data-shadow-hover=\"\" data-shadow-click=\"none\" data-shadow=\"\" data-shd-shadow=\"\"  data-ultimate-target='#ubtn-3709'  data-responsive-json-new='{\"font-size\":\"desktop:16px;\",\"line-height\":\"\"}'  style=\"font-family:&#039;Open Sans&#039;;font-weight:600;width:270px;min-height:40px;padding:px px;border:none;background: #19283e;color: #ffffff;\"><span class=\"ubtn-hover\" style=\"background-color:#2d323d\"><\/span><span class=\"ubtn-data ubtn-text \" >Astronomische H\u00fctte<\/span><\/button><\/a><\/div>[\/vc_column_inner][\/vc_row_inner][vc_row_inner][vc_column_inner width=&#8221;1\/3&#8243;][vc_single_image image=&#8221;637&#8243; img_size=&#8221;large&#8221; onclick=&#8221;custom_link&#8221; link=&#8221;http:\/\/www.erdbebenwarte.de\/samoa-huette\/&#8221;]<div class=\" vc_custom_1527848819380 ubtn-ctn-center \"><a class=\"ubtn-link ult-adjust-bottom-margin ubtn-center ubtn-custom \" href=\"https:\/\/www.erdbebenwarte.de\/samoa-huette\/\" ><button type=\"button\" id=\"ubtn-8754\"  class=\"ubtn ult-adjust-bottom-margin ult-responsive ubtn-custom ubtn-no-hover-bg  none  ubtn-center   tooltip-69d13e6f3569b\"  data-hover=\"#ffffff\" data-border-color=\"\" data-bg=\"#19283e\" data-hover-bg=\"#2d323d\" data-border-hover=\"\" data-shadow-hover=\"\" data-shadow-click=\"none\" data-shadow=\"\" data-shd-shadow=\"\"  data-ultimate-target='#ubtn-8754'  data-responsive-json-new='{\"font-size\":\"desktop:16px;\",\"line-height\":\"\"}'  style=\"font-family:&#039;Open Sans&#039;;font-weight:600;width:270px;min-height:40px;padding:px px;border:none;background: #19283e;color: #ffffff;\"><span class=\"ubtn-hover\" style=\"background-color:#2d323d\"><\/span><span class=\"ubtn-data ubtn-text \" >Samoa-H\u00fctte<\/span><\/button><\/a><\/div>[\/vc_column_inner][vc_column_inner width=&#8221;1\/3&#8243;][vc_single_image image=&#8221;640&#8243; img_size=&#8221;large&#8221; onclick=&#8221;custom_link&#8221; link=&#8221;http:\/\/www.erdbebenwarte.de\/ehemaliges-institut-fuer-geophysik\/&#8221;]<div class=\" vc_custom_1527848840572 ubtn-ctn-center \"><a class=\"ubtn-link ult-adjust-bottom-margin ubtn-center ubtn-custom \" href=\"https:\/\/www.erdbebenwarte.de\/ehemaliges-institut-fuer-geophysik\/\" ><button type=\"button\" id=\"ubtn-2710\"  class=\"ubtn ult-adjust-bottom-margin ult-responsive ubtn-custom ubtn-no-hover-bg  none  ubtn-center   tooltip-69d13e6f356e1\"  data-hover=\"#ffffff\" data-border-color=\"\" data-bg=\"#19283e\" data-hover-bg=\"#2d323d\" data-border-hover=\"\" data-shadow-hover=\"\" data-shadow-click=\"none\" data-shadow=\"\" data-shd-shadow=\"\"  data-ultimate-target='#ubtn-2710'  data-responsive-json-new='{\"font-size\":\"desktop:16px;\",\"line-height\":\"\"}'  style=\"font-family:&#039;Open Sans&#039;;font-weight:600;width:270px;min-height:40px;padding:px px;border:none;background: #19283e;color: #ffffff;\"><span class=\"ubtn-hover\" style=\"background-color:#2d323d\"><\/span><span class=\"ubtn-data ubtn-text \" >Ehem. Inst. f\u00fcr Geophysik<\/span><\/button><\/a><\/div>[\/vc_column_inner][vc_column_inner width=&#8221;1\/3&#8243;][vc_single_image image=&#8221;642&#8243; img_size=&#8221;large&#8221; onclick=&#8221;custom_link&#8221; link=&#8221;http:\/\/www.erdbebenwarte.de\/fallturm-der-mintrop-kugel\/&#8221;]<div class=\" vc_custom_1527848865239 ubtn-ctn-center \"><a class=\"ubtn-link ult-adjust-bottom-margin ubtn-center ubtn-custom \" href=\"https:\/\/www.erdbebenwarte.de\/fallturm-der-mintrop-kugel\/\" ><button type=\"button\" id=\"ubtn-9776\"  class=\"ubtn ult-adjust-bottom-margin ult-responsive ubtn-custom ubtn-no-hover-bg  none  ubtn-center   tooltip-69d13e6f3571f\"  data-hover=\"#ffffff\" data-border-color=\"\" data-bg=\"#19283e\" data-hover-bg=\"#2d323d\" data-border-hover=\"\" data-shadow-hover=\"\" data-shadow-click=\"none\" data-shadow=\"\" data-shd-shadow=\"\"  data-ultimate-target='#ubtn-9776'  data-responsive-json-new='{\"font-size\":\"desktop:16px;\",\"line-height\":\"\"}'  style=\"font-family:&#039;Open Sans&#039;;font-weight:600;width:270px;min-height:40px;padding:px px;border:none;background: #19283e;color: #ffffff;\"><span class=\"ubtn-hover\" style=\"background-color:#2d323d\"><\/span><span class=\"ubtn-data ubtn-text \" >Fallturm der Mintrop-Kugel<\/span><\/button><\/a><\/div>[\/vc_column_inner][\/vc_row_inner][\/vc_column][\/vc_row]<\/p>\n","protected":false},"excerpt":{"rendered":"<p>[vc_row equal_height=&#8221;yes&#8221; content_placement=&#8221;middle&#8221; css=&#8221;.vc_custom_1561380080454{margin-bottom: 25px !important;}&#8221;][vc_column width=&#8221;2\/3&#8243;][vc_single_image image=&#8221;38&#8243; img_size=&#8221;large&#8221; css=&#8221;.vc_custom_1561379425268{margin-bottom: 0px !important;padding-bottom: 0px !important;}&#8221;][\/vc_column][vc_column width=&#8221;1\/3&#8243; color_style=&#8221;light&#8221; css=&#8221;.vc_custom_1561384530832{margin-left: -15px !important;padding-top: 20px !important;padding-bottom: 7px !important;background-color: #58749f !important;}&#8221; offset=&#8221;vc_hidden-sm vc_hidden-xs&#8221;][vc_column_text] Historische Erdbebenwarte 100-j\u00e4hrig und voll aktiv! Die Wiechert\u2019sche Erdbebenwarte G\u00f6ttingen ist die erste&#8230;<\/p>\n","protected":false},"author":8,"featured_media":0,"parent":0,"menu_order":0,"comment_status":"closed","ping_status":"closed","template":"","meta":{"footnotes":""},"class_list":["post-29","page","type-page","status-publish","hentry"],"translation":{"provider":"WPGlobus","version":"3.0.2","language":"en","enabled_languages":["de","en"],"languages":{"de":{"title":true,"content":true,"excerpt":false},"en":{"title":false,"content":false,"excerpt":false}}},"_links":{"self":[{"href":"https:\/\/www.erdbebenwarte.de\/en\/wp-json\/wp\/v2\/pages\/29","targetHints":{"allow":["GET"]}}],"collection":[{"href":"https:\/\/www.erdbebenwarte.de\/en\/wp-json\/wp\/v2\/pages"}],"about":[{"href":"https:\/\/www.erdbebenwarte.de\/en\/wp-json\/wp\/v2\/types\/page"}],"author":[{"embeddable":true,"href":"https:\/\/www.erdbebenwarte.de\/en\/wp-json\/wp\/v2\/users\/8"}],"replies":[{"embeddable":true,"href":"https:\/\/www.erdbebenwarte.de\/en\/wp-json\/wp\/v2\/comments?post=29"}],"version-history":[{"count":61,"href":"https:\/\/www.erdbebenwarte.de\/en\/wp-json\/wp\/v2\/pages\/29\/revisions"}],"predecessor-version":[{"id":2660,"href":"https:\/\/www.erdbebenwarte.de\/en\/wp-json\/wp\/v2\/pages\/29\/revisions\/2660"}],"wp:attachment":[{"href":"https:\/\/www.erdbebenwarte.de\/en\/wp-json\/wp\/v2\/media?parent=29"}],"curies":[{"name":"wp","href":"https:\/\/api.w.org\/{rel}","templated":true}]}}