{"id":1511,"date":"2018-03-06T16:10:38","date_gmt":"2018-03-06T15:10:38","guid":{"rendered":"http:\/\/www.erdbebenwarte.de\/relaunch\/?page_id=1511"},"modified":"2022-10-12T08:45:22","modified_gmt":"2022-10-12T06:45:22","slug":"impressum","status":"publish","type":"page","link":"https:\/\/www.erdbebenwarte.de\/en\/impressum\/","title":{"rendered":"About us"},"content":{"rendered":"<p>[vc_row][vc_column][vc_column_text]<\/p>\n<h1>About us<\/h1>\n<p>Wiechert\u2019sche Erdbebenwarte G\u00f6ttingen e.V.<br \/>\nWolfgang Brunk<br \/>\nGottfried-August-B\u00fcrger-Str. 30<br \/>\n37130 Gleichen<br \/>\n<a class=\"mail\" title=\"\u00d6ffnet ein Fenster zum Versenden der E-Mail\" href=\"mailto:info@erdbebenwarte.de\">info@erdbebenwarte.de<\/a><\/p>\n<p><strong>Implementation:<\/strong><\/p>\n<p>BEISERT &amp; HINZ Unternehmenskommunikation GmbH, G\u00f6ttingen<br \/>\n<a class=\"external-link-new-window\" title=\"Werbeagentur Beisert-Hinz, G\u00f6ttingen\" href=\"http:\/\/www.beisert-hinz.de\/\" target=\"_blank\" rel=\"noopener\">www.beisert-hinz.de<\/a><\/p>\n<p>Tours are organised by WEG e.V. Please address your enquiries to: <a href=\"mailto:besichtigungen@erdbebenwarte.de\">besichtigungen@erdbebenwarte.de<\/a> or use our <a href=\"http:\/\/www.erdbebenwarte.de\/97\/\">contact form.<\/a><\/p>\n<p>&#8212;&#8212;&#8212;&#8212;&#8212;&#8212;&#8212;&#8212;&#8212;&#8212;&#8212;&#8212;&#8212;&#8212;&#8212;&#8212;&#8212;&#8212;&#8212;&#8212;&#8212;&#8212;&#8212;&#8212;&#8212;&#8212;&#8212;&#8212;&#8212;-<\/p>\n<p>Acknowledgements<\/p>\n<p>We hereby would like to thank the numerous scientists for supporting this project with their ideas and the generous provision of material.<\/p>\n<p>&#8212;&#8212;&#8212;&#8212;&#8212;&#8212;&#8212;&#8212;&#8212;&#8212;&#8212;&#8212;&#8212;&#8212;&#8212;&#8212;&#8212;&#8212;&#8212;&#8212;&#8212;&#8212;&#8212;&#8212;&#8212;&#8212;&#8212;&#8212;&#8212;-<\/p>\n<p>Note<\/p>\n<p>This website does not pursue any commercial purposes. It has been created for purely private purposes to provide information about the Wiechert Earthquake Station G\u00f6ttingen. We make every effort to ensure the correct presentation of this topic. Should you nevertheless notice any mistakes or have any suggestions, please let us know.[\/vc_column_text][\/vc_column][\/vc_row]<\/p>\n","protected":false},"excerpt":{"rendered":"<p>[vc_row][vc_column][vc_column_text] About us Wiechert\u2019sche Erdbebenwarte G\u00f6ttingen e.V. Wolfgang Brunk Gottfried-August-B\u00fcrger-Str. 30 37130 Gleichen info@erdbebenwarte.de Implementation: BEISERT &amp; HINZ Unternehmenskommunikation GmbH, G\u00f6ttingen www.beisert-hinz.de Tours are organised by WEG e.V. Please address your enquiries to: besichtigungen@erdbebenwarte.de or use our contact form. &#8212;&#8212;&#8212;&#8212;&#8212;&#8212;&#8212;&#8212;&#8212;&#8212;&#8212;&#8212;&#8212;&#8212;&#8212;&#8212;&#8212;&#8212;&#8212;&#8212;&#8212;&#8212;&#8212;&#8212;&#8212;&#8212;&#8212;&#8212;&#8212;-&#8230;<\/p>\n","protected":false},"author":8,"featured_media":0,"parent":0,"menu_order":0,"comment_status":"closed","ping_status":"closed","template":"","meta":{"footnotes":""},"class_list":["post-1511","page","type-page","status-publish","hentry"],"translation":{"provider":"WPGlobus","version":"3.0.2","language":"en","enabled_languages":["de","en"],"languages":{"de":{"title":true,"content":true,"excerpt":false},"en":{"title":true,"content":true,"excerpt":false}}},"_links":{"self":[{"href":"https:\/\/www.erdbebenwarte.de\/en\/wp-json\/wp\/v2\/pages\/1511","targetHints":{"allow":["GET"]}}],"collection":[{"href":"https:\/\/www.erdbebenwarte.de\/en\/wp-json\/wp\/v2\/pages"}],"about":[{"href":"https:\/\/www.erdbebenwarte.de\/en\/wp-json\/wp\/v2\/types\/page"}],"author":[{"embeddable":true,"href":"https:\/\/www.erdbebenwarte.de\/en\/wp-json\/wp\/v2\/users\/8"}],"replies":[{"embeddable":true,"href":"https:\/\/www.erdbebenwarte.de\/en\/wp-json\/wp\/v2\/comments?post=1511"}],"version-history":[{"count":6,"href":"https:\/\/www.erdbebenwarte.de\/en\/wp-json\/wp\/v2\/pages\/1511\/revisions"}],"predecessor-version":[{"id":2247,"href":"https:\/\/www.erdbebenwarte.de\/en\/wp-json\/wp\/v2\/pages\/1511\/revisions\/2247"}],"wp:attachment":[{"href":"https:\/\/www.erdbebenwarte.de\/en\/wp-json\/wp\/v2\/media?parent=1511"}],"curies":[{"name":"wp","href":"https:\/\/api.w.org\/{rel}","templated":true}]}}