{"id":1409,"date":"2017-12-21T08:28:56","date_gmt":"2017-12-21T07:28:56","guid":{"rendered":"http:\/\/www.erdbebenwarte.de\/relaunch\/?page_id=1409"},"modified":"2019-06-25T08:30:33","modified_gmt":"2019-06-25T06:30:33","slug":"gauss-weber-telegraf","status":"publish","type":"page","link":"https:\/\/www.erdbebenwarte.de\/en\/gauss-weber-telegraf\/","title":{"rendered":"Gauss-Weber telegraph"},"content":{"rendered":"<p>[vc_row equal_height=&#8221;yes&#8221; content_placement=&#8221;middle&#8221; css=&#8221;.vc_custom_1561444224421{margin-bottom: 25px !important;}&#8221;][vc_column width=&#8221;2\/3&#8243;][vc_single_image image=&#8221;708&#8243; img_size=&#8221;large&#8221; css=&#8221;.vc_custom_1561444231430{margin-bottom: 0px !important;padding-bottom: 0px !important;}&#8221;][\/vc_column][vc_column width=&#8221;1\/3&#8243; color_style=&#8221;light&#8221; css=&#8221;.vc_custom_1511254926741{margin-left: -15px !important;padding-bottom: 7px !important;background-color: #58749f !important;}&#8221; offset=&#8221;vc_hidden-sm vc_hidden-xs&#8221;][vc_column_text]<\/p>\n<div class=\"wpb_text_column wpb_content_element \">\n<div class=\"wpb_wrapper\">\n<div class=\"csc-header csc-header-n1\">\n<h1>The Gau\u00dfhaus<\/h1>\n<\/div>\n<div class=\"oSioSc\">\n<div id=\"tw-target\">\n<div id=\"tw-target-text-container\" class=\"tw-ta-container tw-nfl\">\n<p id=\"tw-target-text\" class=\"tw-data-text tw-ta tw-text-medium\" dir=\"ltr\" data-placeholder=\"\u00dcbersetzung\"><span lang=\"en\">Here Carl Friedrich Gauss researched geomagnetism.<\/span><\/p>\n<\/div>\n<\/div>\n<\/div>\n<\/div>\n<\/div>\n<p>[\/vc_column_text][\/vc_column][\/vc_row][vc_row][vc_column width=&#8221;1\/4&#8243; offset=&#8221;vc_hidden-sm vc_hidden-xs&#8221;][vc_widget_sidebar sidebar_id=&#8221;submenu-erdbebenwarte&#8221;][\/vc_column][vc_column width=&#8221;3\/4&#8243;][vc_row_inner][vc_column_inner][vc_column_text]<\/p>\n<h3>Historical Earthquake Station | Gauss house and earth magnetism<\/h3>\n<h1>Gauss-Weber telegraph<\/h1>\n<p>[\/vc_column_text][\/vc_column_inner][\/vc_row_inner][vc_row_inner][vc_column_inner width=&#8221;2\/3&#8243;][vc_column_text]<span id=\"result_box\" class=\"\" lang=\"en\" tabindex=\"-1\"><span title=\"1833 erfanden Carl Friedrich Gau\u00df und Wilhelm Eduard Weber den ersten elektromagnetischen Telegrafen der Welt.\">In 1833, Carl Friedrich Gauss and Wilhelm Eduard Weber invented the world&#8217;s first electromagnetic telegraph. <\/span><span title=\"Zwei Jahre vorher hatte Michael Faraday die elektromagnetische Induktion entdeckt, und Gau\u00df verband geistesgegenw\u00e4rtig seine magnetischen Messungen mit diesem Effekt.\">Two years earlier, Michael Faraday had discovered electromagnetic induction, and Gauss was ingeniously linking his magnetic measurements to this effect. <\/span><span title=\"Vom durch Induktion betriebenen Zeichengeber f\u00fchrte eine etwa 1,2 km lange Draht-Doppelleitung von der Sternwarte zum Physikalischen Cabinett, dem Arbeitsplatz von Weber.\">From the induction-powered signal transmitter led a roughly 1.2 km long wire double line from the observatory to the Physical Cabinet, the workplace of Weber. <\/span><span title=\"Sp\u00e4ter wurde die Leitung noch um 60 m bis in das Gau\u00dfhaus verl\u00e4ngert.\">Later, the line was extended by 60 m to the Gau\u00dfhaus. <\/span><span title=\"Als Empf\u00e4nger diente ein horizontal schwingender Magnetstab in einer Drahtspule, dessen Ausschl\u00e4ge infolge der Stromst\u00f6\u00dfe mittels eines Zielfernrohres \u00fcber einen sich mit dem Magnetstab drehenden Spiegel beobachtet wurden.\">The receiver used was a horizontally oscillating magnetic bar in a wire spool, the rashes of which were observed as a result of the power surges by means of a telescopic sight through a mirror rotating with the magnetic bar. <\/span><span title=\"1845 zerst\u00f6rte ein Blitzschlag die G\u00f6ttinger Telegrafenleitung. \">In 1845, a lightning strike destroyed the Gottingen telegraph line.<\/span><\/span><\/p>\n<p><span title=\"Ein Nachbau des Gau\u00df-Weber-Telegrafen steht im Gau\u00dfhaus.\">A replica of the Gauss-Weber telegraph is in the Gau\u00dfhaus. <\/span><span title=\"Damit ist es m\u00f6glich, Informationen mit Hilfe des von Gau\u00df und Weber entwickelten Bin\u00e4rcodesystems zu senden und zu empfangen.\">This makes it possible to send and receive information using the binary code system developed by Gauss and Weber.<\/span>[\/vc_column_text][vc_column_text]More information can be found <a href=\"https:\/\/www.measurement-valley.de\/leben-im-measurement-valley\/stadtgeschichten\/gauss-weber-telegraf\/\" target=\"_blank\" rel=\"noopener\">here<\/a>.[\/vc_column_text][\/vc_column_inner][vc_column_inner width=&#8221;1\/3&#8243;][\/vc_column_inner][\/vc_row_inner][\/vc_column][\/vc_row]<\/p>\n","protected":false},"excerpt":{"rendered":"<p>[vc_row equal_height=&#8221;yes&#8221; content_placement=&#8221;middle&#8221; css=&#8221;.vc_custom_1561444224421{margin-bottom: 25px !important;}&#8221;][vc_column width=&#8221;2\/3&#8243;][vc_single_image image=&#8221;708&#8243; img_size=&#8221;large&#8221; css=&#8221;.vc_custom_1561444231430{margin-bottom: 0px !important;padding-bottom: 0px !important;}&#8221;][\/vc_column][vc_column width=&#8221;1\/3&#8243; color_style=&#8221;light&#8221; css=&#8221;.vc_custom_1511254926741{margin-left: -15px !important;padding-bottom: 7px !important;background-color: #58749f !important;}&#8221; offset=&#8221;vc_hidden-sm vc_hidden-xs&#8221;][vc_column_text] The Gau\u00dfhaus Here Carl Friedrich Gauss researched geomagnetism. [\/vc_column_text][\/vc_column][\/vc_row][vc_row][vc_column width=&#8221;1\/4&#8243; offset=&#8221;vc_hidden-sm vc_hidden-xs&#8221;][vc_widget_sidebar sidebar_id=&#8221;submenu-erdbebenwarte&#8221;][\/vc_column][vc_column width=&#8221;3\/4&#8243;][vc_row_inner][vc_column_inner][vc_column_text] Historical&#8230;<\/p>\n","protected":false},"author":8,"featured_media":0,"parent":0,"menu_order":0,"comment_status":"closed","ping_status":"closed","template":"","meta":{"footnotes":""},"class_list":["post-1409","page","type-page","status-publish","hentry"],"translation":{"provider":"WPGlobus","version":"3.0.2","language":"en","enabled_languages":["de","en"],"languages":{"de":{"title":true,"content":true,"excerpt":false},"en":{"title":true,"content":true,"excerpt":false}}},"_links":{"self":[{"href":"https:\/\/www.erdbebenwarte.de\/en\/wp-json\/wp\/v2\/pages\/1409","targetHints":{"allow":["GET"]}}],"collection":[{"href":"https:\/\/www.erdbebenwarte.de\/en\/wp-json\/wp\/v2\/pages"}],"about":[{"href":"https:\/\/www.erdbebenwarte.de\/en\/wp-json\/wp\/v2\/types\/page"}],"author":[{"embeddable":true,"href":"https:\/\/www.erdbebenwarte.de\/en\/wp-json\/wp\/v2\/users\/8"}],"replies":[{"embeddable":true,"href":"https:\/\/www.erdbebenwarte.de\/en\/wp-json\/wp\/v2\/comments?post=1409"}],"version-history":[{"count":9,"href":"https:\/\/www.erdbebenwarte.de\/en\/wp-json\/wp\/v2\/pages\/1409\/revisions"}],"predecessor-version":[{"id":2678,"href":"https:\/\/www.erdbebenwarte.de\/en\/wp-json\/wp\/v2\/pages\/1409\/revisions\/2678"}],"wp:attachment":[{"href":"https:\/\/www.erdbebenwarte.de\/en\/wp-json\/wp\/v2\/media?parent=1409"}],"curies":[{"name":"wp","href":"https:\/\/api.w.org\/{rel}","templated":true}]}}